{"id":26352,"date":"2020-12-07T09:24:50","date_gmt":"2020-12-07T08:24:50","guid":{"rendered":"https:\/\/kinderfuesse.com\/imprint\/"},"modified":"2023-09-14T11:58:00","modified_gmt":"2023-09-14T09:58:00","slug":"imprint","status":"publish","type":"page","link":"https:\/\/kinderfuesse.com\/en\/imprint\/","title":{"rendered":"Imprint"},"content":{"rendered":"<p>[et_pb_section fb_built=&#8221;1&#8243; next_background_color=&#8221;#ffffff&#8221; admin_label=&#8221;Header&#8221; _builder_version=&#8221;4.16&#8243; background_color=&#8221;#749dd3&#8243; background_image=&#8221;https:\/\/kinderfuesse.com\/wp-content\/uploads\/2020\/07\/Muster_Kinderfuesse_Test_2-scaled.jpeg&#8221; custom_margin=&#8221;||||false&#8221; custom_padding=&#8221;6vw||6vw||true|false&#8221; bottom_divider_style=&#8221;waves2&#8243; bottom_divider_height=&#8221;6vw&#8221; global_colors_info=&#8221;{}&#8221; da_is_popup=&#8221;off&#8221; da_exit_intent=&#8221;off&#8221; da_has_close=&#8221;on&#8221; da_alt_close=&#8221;off&#8221; da_dark_close=&#8221;off&#8221; da_not_modal=&#8221;on&#8221; da_is_singular=&#8221;off&#8221; da_with_loader=&#8221;off&#8221; da_has_shadow=&#8221;on&#8221; da_disable_devices=&#8221;off|off|off&#8221;][et_pb_row _builder_version=&#8221;4.16&#8243; background_color=&#8221;#eef5ff&#8221; background_enable_image=&#8221;off&#8221; background_size=&#8221;contain&#8221; min_height=&#8221;148px&#8221; custom_margin=&#8221;-60px|auto|10px|auto|false|false&#8221; custom_padding=&#8221;60px||0px||false|false&#8221; animation_style=&#8221;zoom&#8221; animation_intensity_zoom=&#8221;10%&#8221; border_radii=&#8221;on|10px|10px|10px|10px&#8221; global_colors_info=&#8221;{}&#8221;][et_pb_column type=&#8221;4_4&#8243; _builder_version=&#8221;4.16&#8243; custom_padding=&#8221;|||&#8221; global_colors_info=&#8221;{}&#8221; custom_padding__hover=&#8221;|||&#8221;][et_pb_text _builder_version=&#8221;4.16&#8243; text_font=&#8221;||||||||&#8221; header_font=&#8221;|500||on|||||&#8221; header_font_size=&#8221;20px&#8221; header_letter_spacing=&#8221;5px&#8221; header_line_height=&#8221;1.7em&#8221; header_2_font=&#8221;|600||on|||||&#8221; header_2_font_size=&#8221;40px&#8221; header_2_letter_spacing=&#8221;5px&#8221; header_2_line_height=&#8221;1.3em&#8221; text_orientation=&#8221;center&#8221; background_layout=&#8221;dark&#8221; min_height=&#8221;141px&#8221; custom_margin=&#8221;-3px|||||&#8221; custom_padding=&#8221;||50px|||&#8221; header_font_size_tablet=&#8221;&#8221; header_font_size_phone=&#8221;13px&#8221; header_font_size_last_edited=&#8221;on|phone&#8221; header_2_font_size_tablet=&#8221;36px&#8221; header_2_font_size_phone=&#8221;25px&#8221; header_2_font_size_last_edited=&#8221;on|desktop&#8221; global_colors_info=&#8221;{}&#8221;]<\/p>\n<h2><span style=\"color: #749dd3;\">Children\u2019s Feet \u2013 Children\u2019s Shoes<\/span><\/h2>\n<h1><span style=\"color: #e73439;\">Imprint<\/span><\/h1>\n<p>[\/et_pb_text][\/et_pb_column][\/et_pb_row][\/et_pb_section][et_pb_section fb_built=&#8221;1&#8243; admin_label=&#8221;Features&#8221; _builder_version=&#8221;4.16&#8243; background_color=&#8221;#ffffff&#8221; custom_margin=&#8221;0px||||false|false&#8221; custom_padding=&#8221;3px||4px|||&#8221; global_colors_info=&#8221;{}&#8221; da_is_popup=&#8221;off&#8221; da_exit_intent=&#8221;off&#8221; da_has_close=&#8221;on&#8221; da_alt_close=&#8221;off&#8221; da_dark_close=&#8221;off&#8221; da_not_modal=&#8221;on&#8221; da_is_singular=&#8221;off&#8221; da_with_loader=&#8221;off&#8221; da_has_shadow=&#8221;on&#8221; da_disable_devices=&#8221;off|off|off&#8221;][et_pb_row _builder_version=&#8221;4.16&#8243; _module_preset=&#8221;default&#8221; custom_margin=&#8221;|auto|-3px|auto||&#8221; global_colors_info=&#8221;{}&#8221;][et_pb_column type=&#8221;4_4&#8243; _builder_version=&#8221;4.16&#8243; _module_preset=&#8221;default&#8221; global_colors_info=&#8221;{}&#8221;][et_pb_text _builder_version=&#8221;4.22.1&#8243; _module_preset=&#8221;default&#8221; text_font=&#8221;Lato||||||||&#8221; custom_margin=&#8221;||49px|||&#8221; hover_enabled=&#8221;0&#8243; global_colors_info=&#8221;{}&#8221; sticky_enabled=&#8221;0&#8243;]<\/p>\n<h1 class=\"page-title\">Impressum<\/h1>\n<div class=\"page-content entry-content\">\n<p>Kinderf\u00fcsse-Kinderschuhe ist ein unabh\u00e4ngiges Forschungsteam<br \/>2001-2003: Forschungsprojekt \u201eKinderf\u00fcsse-Kinderschuhe\u201c im Auftrag des \u00f6sterr. Bundesministeriums<br \/>2005-2007: Forschungsprojekt \u201eKids: Healthy feet \u2013 healthy life\u201c im Auftrag des \u00f6sterr. Gesundheitsministeriums und des Fonds Gesundes \u00d6sterreich<\/p>\n<p>Ust. ID-Nr. ATU 515 01 600<\/p>\n<p style=\"font-weight: 400;\"><strong>Bankverbindung \u00d6sterreich:<\/strong><br \/>Raiffeisenbank am Hofsteig eGen<br \/>Wieland Kinz<br \/>IBAN: AT27 3748 2000 0014 7272<br \/>BIC: RVVG AT2B 482<\/p>\n<p><strong>Kontakt:<\/strong><br \/>Forschungsteam \u201eKinderf\u00fc\u00dfe-Kinderschuhe\u201c<br \/>Dr. Wieland Kinz<br \/>Kirchstr. 11<br \/>A 6900 Bregenz<br \/>mail:\u00a0<a href=\"mailto:info@kinderfuesse.com\">info@kinderfuesse.com<\/a><\/p>\n<\/div>\n<p>[\/et_pb_text][\/et_pb_column][\/et_pb_row][\/et_pb_section]<\/p>\n","protected":false},"excerpt":{"rendered":"<p>Children\u2019s Feet \u2013 Children\u2019s Shoes ImprintImpressum Kinderf\u00fcsse-Kinderschuhe ist ein unabh\u00e4ngiges Forschungsteam2001-2003: Forschungsprojekt \u201eKinderf\u00fcsse-Kinderschuhe\u201c im Auftrag des \u00f6sterr. Bundesministeriums2005-2007: Forschungsprojekt \u201eKids: Healthy feet \u2013 healthy life\u201c im Auftrag des \u00f6sterr. Gesundheitsministeriums und des Fonds Gesundes \u00d6sterreich Ust. ID-Nr. ATU 515 01 600 Bankverbindung \u00d6sterreich:Raiffeisenbank am Hofsteig eGenWieland KinzIBAN: AT27 3748 2000 0014 7272BIC: RVVG AT2B 482 [&hellip;]<\/p>\n","protected":false},"author":1,"featured_media":0,"parent":0,"menu_order":0,"comment_status":"closed","ping_status":"closed","template":"","meta":{"_et_pb_use_builder":"on","_et_pb_old_content":"","_et_gb_content_width":"","footnotes":""},"class_list":["post-26352","page","type-page","status-publish","hentry"],"_links":{"self":[{"href":"https:\/\/kinderfuesse.com\/en\/wp-json\/wp\/v2\/pages\/26352","targetHints":{"allow":["GET"]}}],"collection":[{"href":"https:\/\/kinderfuesse.com\/en\/wp-json\/wp\/v2\/pages"}],"about":[{"href":"https:\/\/kinderfuesse.com\/en\/wp-json\/wp\/v2\/types\/page"}],"author":[{"embeddable":true,"href":"https:\/\/kinderfuesse.com\/en\/wp-json\/wp\/v2\/users\/1"}],"replies":[{"embeddable":true,"href":"https:\/\/kinderfuesse.com\/en\/wp-json\/wp\/v2\/comments?post=26352"}],"version-history":[{"count":0,"href":"https:\/\/kinderfuesse.com\/en\/wp-json\/wp\/v2\/pages\/26352\/revisions"}],"wp:attachment":[{"href":"https:\/\/kinderfuesse.com\/en\/wp-json\/wp\/v2\/media?parent=26352"}],"curies":[{"name":"wp","href":"https:\/\/api.w.org\/{rel}","templated":true}]}}